{"id":5811,"date":"2022-06-30T20:03:40","date_gmt":"2022-07-01T01:03:40","guid":{"rendered":"https:\/\/www.apucafe.com\/?post_type=product&#038;p=5811"},"modified":"2026-03-18T09:33:05","modified_gmt":"2026-03-18T14:33:05","slug":"natural-de-mujeres","status":"publish","type":"product","link":"https:\/\/www.apucafe.com\/en\/product\/natural-de-mujeres\/","title":{"rendered":"Natural de mujeres"},"content":{"rendered":"<section class=\"wpb-content-wrapper\"><section class=\"vc_row wpb_row vc_row-fluid liquid-row-shadowbox-69e8efa83ac3d\"><div class=\"ld-container container\"><div class=\"row ld-row\"><div class=\"wpb_column vc_column_container vc_col-sm-12 liquid-column-69e8efa83ae9d\"><div class=\"vc_column-inner\"><div class=\"wpb_wrapper\"   ><div class=\"wpb_wrapper-inner\">\n\t<div class=\"wpb_text_column wpb_content_element\" >\n\t\t<div class=\"wpb_wrapper\">\n\t\t\t<table class=\"woocommerce-product-attributes shop_attributes\">\n<tbody>\n<tr class=\"woocommerce-product-attributes-item woocommerce-product-attributes-item--attribute_nombre\">\n<th class=\"woocommerce-product-attributes-item__label\">Name:<\/th>\n<td class=\"woocommerce-product-attributes-item__value\">APU<\/td>\n<\/tr>\n<tr class=\"woocommerce-product-attributes-item woocommerce-product-attributes-item--attribute_ubicaci%c3%b3n-geogr%c3%a1fica\">\n<th class=\"woocommerce-product-attributes-item__label\">Geographic location:<\/th>\n<td class=\"woocommerce-product-attributes-item__value\">Teruel \u2013 Huila \u2013 Colombia<\/td>\n<\/tr>\n<tr class=\"woocommerce-product-attributes-item woocommerce-product-attributes-item--attribute_variedades\">\n<th class=\"woocommerce-product-attributes-item__label\">Varieties:<\/th>\n<td class=\"woocommerce-product-attributes-item__value\">Ar\u00e1bica, Colombia, Arabica Caturra \u2013 Castillo<\/td>\n<\/tr>\n<tr class=\"woocommerce-product-attributes-item woocommerce-product-attributes-item--attribute_altura-de-siembra\">\n<th class=\"woocommerce-product-attributes-item__label\">Sowing height:<\/th>\n<td class=\"woocommerce-product-attributes-item__value\">1800 \u2013 1900 m.s.n.m.<\/td>\n<\/tr>\n<tr class=\"woocommerce-product-attributes-item woocommerce-product-attributes-item--attribute_m%c3%a9todo-de-beneficio\">\n<th class=\"woocommerce-product-attributes-item__label\">Profit method:<\/th>\n<td class=\"woocommerce-product-attributes-item__value\">Profit method:<\/td>\n<\/tr>\n<tr class=\"woocommerce-product-attributes-item woocommerce-product-attributes-item--attribute_m%c3%a9todo-de-secado\">\n<th class=\"woocommerce-product-attributes-item__label\">Drying method:<\/th>\n<td class=\"woocommerce-product-attributes-item__value\">Solar and mechanical<\/td>\n<\/tr>\n<tr class=\"woocommerce-product-attributes-item woocommerce-product-attributes-item--attribute_garant%c3%ada-de-sabor\">\n<th class=\"woocommerce-product-attributes-item__label\">Taste guarantee:<\/th>\n<td class=\"woocommerce-product-attributes-item__value\">Denomination of origin Huila, Colombia.<\/td>\n<\/tr>\n<tr class=\"woocommerce-product-attributes-item woocommerce-product-attributes-item--attribute_la-finca-el-carmelo\">\n<th class=\"woocommerce-product-attributes-item__label\">THE FINCA: EL CARMELO<\/th>\n<td class=\"woocommerce-product-attributes-item__value\">Caf\u00e9 APU has a special flavor and aroma, thanks to the excellent geographical and climatic qualities of its producing farm, located in Teruel, Huila. There, hot winds from the Magdalena valley converge, cold from the Huila mountain range and the Colombian Central Mountain Range.<\/td>\n<\/tr>\n<\/tbody>\n<\/table>\n\n\t\t<\/div>\n\t<\/div>\n<\/div><\/div><\/div><\/div><\/div><\/div><\/section>\n<\/section>","protected":false},"excerpt":{"rendered":"<p>Aroma: Frutada,<br \/>\npulpa de cacao<br \/>\nSabor: Ar\u00e1ndano, uva isabellina<br \/>\nAcidity: Medium citrus<br \/>\nBody: Medium<br \/>\nPuntaje en Taza: 85,5<\/p>","protected":false},"featured_media":5856,"comment_status":"closed","ping_status":"closed","template":"","meta":[],"product_brand":[],"product_cat":[29,48],"product_tag":[],"class_list":{"0":"post-5811","1":"product","2":"type-product","3":"status-publish","4":"has-post-thumbnail","6":"product_cat-tienda","7":"product_cat-typica-natural","9":"first","10":"instock","11":"shipping-taxable","12":"purchasable","13":"product-type-variable"},"yoast_head":"<!-- This site is optimized with the Yoast SEO plugin v27.4 - https:\/\/yoast.com\/product\/yoast-seo-wordpress\/ -->\n<title>Natural de mujeres | Apu Caf\u00e9<\/title>\n<meta name=\"robots\" content=\"index, follow, max-snippet:-1, max-image-preview:large, max-video-preview:-1\" \/>\n<link rel=\"canonical\" href=\"https:\/\/www.apucafe.com\/en\/product\/natural-de-mujeres\/\" \/>\n<meta property=\"og:locale\" content=\"en_US\" \/>\n<meta property=\"og:type\" content=\"article\" \/>\n<meta property=\"og:title\" content=\"Natural de mujeres | Apu Caf\u00e9\" \/>\n<meta property=\"og:description\" content=\"Aroma: Frutada, pulpa de cacao Sabor: Ar\u00e1ndano, uva isabellina Acidez: Media c\u00edtrica Cuerpo: Medio Puntaje en Taza: 85,5\" \/>\n<meta property=\"og:url\" content=\"https:\/\/www.apucafe.com\/en\/product\/natural-de-mujeres\/\" \/>\n<meta property=\"og:site_name\" content=\"Apu Caf\u00e9\" \/>\n<meta property=\"article:publisher\" content=\"https:\/\/www.facebook.com\/ApuCafe\" \/>\n<meta property=\"article:modified_time\" content=\"2026-03-18T14:33:05+00:00\" \/>\n<meta property=\"og:image\" content=\"https:\/\/www.apucafe.com\/wp-content\/uploads\/2022\/06\/Mujeres-scaled.jpg\" \/>\n\t<meta property=\"og:image:width\" content=\"1440\" \/>\n\t<meta property=\"og:image:height\" content=\"2560\" \/>\n\t<meta property=\"og:image:type\" content=\"image\/jpeg\" \/>\n<meta name=\"twitter:card\" content=\"summary_large_image\" \/>\n<meta name=\"twitter:label1\" content=\"Est. reading time\" \/>\n\t<meta name=\"twitter:data1\" content=\"1 minute\" \/>\n<script type=\"application\/ld+json\" class=\"yoast-schema-graph\">{\"@context\":\"https:\\\/\\\/schema.org\",\"@graph\":[{\"@type\":\"WebPage\",\"@id\":\"https:\\\/\\\/www.apucafe.com\\\/producto\\\/natural-de-mujeres\\\/\",\"url\":\"https:\\\/\\\/www.apucafe.com\\\/producto\\\/natural-de-mujeres\\\/\",\"name\":\"Natural de mujeres | Apu Caf\u00e9\",\"isPartOf\":{\"@id\":\"https:\\\/\\\/www.apucafe.com\\\/#website\"},\"primaryImageOfPage\":{\"@id\":\"https:\\\/\\\/www.apucafe.com\\\/producto\\\/natural-de-mujeres\\\/#primaryimage\"},\"image\":{\"@id\":\"https:\\\/\\\/www.apucafe.com\\\/producto\\\/natural-de-mujeres\\\/#primaryimage\"},\"thumbnailUrl\":\"https:\\\/\\\/www.apucafe.com\\\/wp-content\\\/uploads\\\/2022\\\/06\\\/Mujeres-scaled.jpg\",\"datePublished\":\"2022-07-01T01:03:40+00:00\",\"dateModified\":\"2026-03-18T14:33:05+00:00\",\"breadcrumb\":{\"@id\":\"https:\\\/\\\/www.apucafe.com\\\/producto\\\/natural-de-mujeres\\\/#breadcrumb\"},\"inLanguage\":\"en-US\",\"potentialAction\":[{\"@type\":\"ReadAction\",\"target\":[\"https:\\\/\\\/www.apucafe.com\\\/producto\\\/natural-de-mujeres\\\/\"]}]},{\"@type\":\"ImageObject\",\"inLanguage\":\"en-US\",\"@id\":\"https:\\\/\\\/www.apucafe.com\\\/producto\\\/natural-de-mujeres\\\/#primaryimage\",\"url\":\"https:\\\/\\\/www.apucafe.com\\\/wp-content\\\/uploads\\\/2022\\\/06\\\/Mujeres-scaled.jpg\",\"contentUrl\":\"https:\\\/\\\/www.apucafe.com\\\/wp-content\\\/uploads\\\/2022\\\/06\\\/Mujeres-scaled.jpg\",\"width\":1440,\"height\":2560},{\"@type\":\"BreadcrumbList\",\"@id\":\"https:\\\/\\\/www.apucafe.com\\\/producto\\\/natural-de-mujeres\\\/#breadcrumb\",\"itemListElement\":[{\"@type\":\"ListItem\",\"position\":1,\"name\":\"Portada\",\"item\":\"https:\\\/\\\/www.apucafe.com\\\/\"},{\"@type\":\"ListItem\",\"position\":2,\"name\":\"Tienda Online\",\"item\":\"https:\\\/\\\/www.apucafe.com\\\/tienda\\\/\"},{\"@type\":\"ListItem\",\"position\":3,\"name\":\"Natural de mujeres\"}]},{\"@type\":\"WebSite\",\"@id\":\"https:\\\/\\\/www.apucafe.com\\\/#website\",\"url\":\"https:\\\/\\\/www.apucafe.com\\\/\",\"name\":\"Apu Caf\u00e9\",\"description\":\"Caf\u00e9 Colombiano\",\"publisher\":{\"@id\":\"https:\\\/\\\/www.apucafe.com\\\/#organization\"},\"potentialAction\":[{\"@type\":\"SearchAction\",\"target\":{\"@type\":\"EntryPoint\",\"urlTemplate\":\"https:\\\/\\\/www.apucafe.com\\\/?s={search_term_string}\"},\"query-input\":{\"@type\":\"PropertyValueSpecification\",\"valueRequired\":true,\"valueName\":\"search_term_string\"}}],\"inLanguage\":\"en-US\"},{\"@type\":\"Organization\",\"@id\":\"https:\\\/\\\/www.apucafe.com\\\/#organization\",\"name\":\"APU Caf\u00e9\",\"url\":\"https:\\\/\\\/www.apucafe.com\\\/\",\"logo\":{\"@type\":\"ImageObject\",\"inLanguage\":\"en-US\",\"@id\":\"https:\\\/\\\/www.apucafe.com\\\/#\\\/schema\\\/logo\\\/image\\\/\",\"url\":\"https:\\\/\\\/www.apucafe.com\\\/wp-content\\\/uploads\\\/2020\\\/11\\\/logo.png\",\"contentUrl\":\"https:\\\/\\\/www.apucafe.com\\\/wp-content\\\/uploads\\\/2020\\\/11\\\/logo.png\",\"width\":664,\"height\":670,\"caption\":\"APU Caf\u00e9\"},\"image\":{\"@id\":\"https:\\\/\\\/www.apucafe.com\\\/#\\\/schema\\\/logo\\\/image\\\/\"},\"sameAs\":[\"https:\\\/\\\/www.facebook.com\\\/ApuCafe\",\"https:\\\/\\\/www.instagram.com\\\/apucafe\\\/\"]}]}<\/script>\n<!-- \/ Yoast SEO plugin. -->","yoast_head_json":{"title":"Natural de mujeres | Apu Caf\u00e9","robots":{"index":"index","follow":"follow","max-snippet":"max-snippet:-1","max-image-preview":"max-image-preview:large","max-video-preview":"max-video-preview:-1"},"canonical":"https:\/\/www.apucafe.com\/en\/product\/natural-de-mujeres\/","og_locale":"en_US","og_type":"article","og_title":"Natural de mujeres | Apu Caf\u00e9","og_description":"Aroma: Frutada, pulpa de cacao Sabor: Ar\u00e1ndano, uva isabellina Acidez: Media c\u00edtrica Cuerpo: Medio Puntaje en Taza: 85,5","og_url":"https:\/\/www.apucafe.com\/en\/product\/natural-de-mujeres\/","og_site_name":"Apu Caf\u00e9","article_publisher":"https:\/\/www.facebook.com\/ApuCafe","article_modified_time":"2026-03-18T14:33:05+00:00","og_image":[{"width":1440,"height":2560,"url":"https:\/\/www.apucafe.com\/wp-content\/uploads\/2022\/06\/Mujeres-scaled.jpg","type":"image\/jpeg"}],"twitter_card":"summary_large_image","twitter_misc":{"Est. reading time":"1 minute"},"schema":{"@context":"https:\/\/schema.org","@graph":[{"@type":"WebPage","@id":"https:\/\/www.apucafe.com\/producto\/natural-de-mujeres\/","url":"https:\/\/www.apucafe.com\/producto\/natural-de-mujeres\/","name":"Natural de mujeres | Apu Caf\u00e9","isPartOf":{"@id":"https:\/\/www.apucafe.com\/#website"},"primaryImageOfPage":{"@id":"https:\/\/www.apucafe.com\/producto\/natural-de-mujeres\/#primaryimage"},"image":{"@id":"https:\/\/www.apucafe.com\/producto\/natural-de-mujeres\/#primaryimage"},"thumbnailUrl":"https:\/\/www.apucafe.com\/wp-content\/uploads\/2022\/06\/Mujeres-scaled.jpg","datePublished":"2022-07-01T01:03:40+00:00","dateModified":"2026-03-18T14:33:05+00:00","breadcrumb":{"@id":"https:\/\/www.apucafe.com\/producto\/natural-de-mujeres\/#breadcrumb"},"inLanguage":"en-US","potentialAction":[{"@type":"ReadAction","target":["https:\/\/www.apucafe.com\/producto\/natural-de-mujeres\/"]}]},{"@type":"ImageObject","inLanguage":"en-US","@id":"https:\/\/www.apucafe.com\/producto\/natural-de-mujeres\/#primaryimage","url":"https:\/\/www.apucafe.com\/wp-content\/uploads\/2022\/06\/Mujeres-scaled.jpg","contentUrl":"https:\/\/www.apucafe.com\/wp-content\/uploads\/2022\/06\/Mujeres-scaled.jpg","width":1440,"height":2560},{"@type":"BreadcrumbList","@id":"https:\/\/www.apucafe.com\/producto\/natural-de-mujeres\/#breadcrumb","itemListElement":[{"@type":"ListItem","position":1,"name":"Portada","item":"https:\/\/www.apucafe.com\/"},{"@type":"ListItem","position":2,"name":"Tienda Online","item":"https:\/\/www.apucafe.com\/tienda\/"},{"@type":"ListItem","position":3,"name":"Natural de mujeres"}]},{"@type":"WebSite","@id":"https:\/\/www.apucafe.com\/#website","url":"https:\/\/www.apucafe.com\/","name":"Apu Caf\u00e9","description":"Caf\u00e9 Colombiano","publisher":{"@id":"https:\/\/www.apucafe.com\/#organization"},"potentialAction":[{"@type":"SearchAction","target":{"@type":"EntryPoint","urlTemplate":"https:\/\/www.apucafe.com\/?s={search_term_string}"},"query-input":{"@type":"PropertyValueSpecification","valueRequired":true,"valueName":"search_term_string"}}],"inLanguage":"en-US"},{"@type":"Organization","@id":"https:\/\/www.apucafe.com\/#organization","name":"APU Coffee","url":"https:\/\/www.apucafe.com\/","logo":{"@type":"ImageObject","inLanguage":"en-US","@id":"https:\/\/www.apucafe.com\/#\/schema\/logo\/image\/","url":"https:\/\/www.apucafe.com\/wp-content\/uploads\/2020\/11\/logo.png","contentUrl":"https:\/\/www.apucafe.com\/wp-content\/uploads\/2020\/11\/logo.png","width":664,"height":670,"caption":"APU Caf\u00e9"},"image":{"@id":"https:\/\/www.apucafe.com\/#\/schema\/logo\/image\/"},"sameAs":["https:\/\/www.facebook.com\/ApuCafe","https:\/\/www.instagram.com\/apucafe\/"]}]}},"_links":{"self":[{"href":"https:\/\/www.apucafe.com\/en\/wp-json\/wp\/v2\/product\/5811","targetHints":{"allow":["GET"]}}],"collection":[{"href":"https:\/\/www.apucafe.com\/en\/wp-json\/wp\/v2\/product"}],"about":[{"href":"https:\/\/www.apucafe.com\/en\/wp-json\/wp\/v2\/types\/product"}],"replies":[{"embeddable":true,"href":"https:\/\/www.apucafe.com\/en\/wp-json\/wp\/v2\/comments?post=5811"}],"wp:featuredmedia":[{"embeddable":true,"href":"https:\/\/www.apucafe.com\/en\/wp-json\/wp\/v2\/media\/5856"}],"wp:attachment":[{"href":"https:\/\/www.apucafe.com\/en\/wp-json\/wp\/v2\/media?parent=5811"}],"wp:term":[{"taxonomy":"product_brand","embeddable":true,"href":"https:\/\/www.apucafe.com\/en\/wp-json\/wp\/v2\/product_brand?post=5811"},{"taxonomy":"product_cat","embeddable":true,"href":"https:\/\/www.apucafe.com\/en\/wp-json\/wp\/v2\/product_cat?post=5811"},{"taxonomy":"product_tag","embeddable":true,"href":"https:\/\/www.apucafe.com\/en\/wp-json\/wp\/v2\/product_tag?post=5811"}],"curies":[{"name":"wp","href":"https:\/\/api.w.org\/{rel}","templated":true}]}}