{"id":4226,"date":"2018-06-29T07:12:10","date_gmt":"2018-06-29T07:12:10","guid":{"rendered":"http:\/\/shop.one.themerella.com\/wishlist\/"},"modified":"2022-11-16T09:43:53","modified_gmt":"2022-11-16T14:43:53","slug":"contacto","status":"publish","type":"page","link":"https:\/\/www.apucafe.com\/en\/contacto\/","title":{"rendered":"Contact"},"content":{"rendered":"<section class=\"wpb-content-wrapper\"><section class=\"vc_row wpb_row vc_row-fluid liquid-row-shadowbox-69fe1d2c38ffe\"><div class=\"ld-container container\"><div class=\"row ld-row\"><div class=\"wpb_column vc_column_container vc_col-sm-12 liquid-column-69fe1d2c391a6\"><div class=\"vc_column-inner\"><div class=\"wpb_wrapper \"   ><div class=\"wpb_wrapper-inner\"><div class=\"vc_empty_space\"   style=\"height: 65px\"><span class=\"vc_empty_space_inner\"><\/span><\/div>\n\t<div class=\"wpb_text_column wpb_content_element \" >\n\t\t<div class=\"wpb_wrapper\">\n\t\t\t<p id=\"u44196-2\" style=\"text-align: center;\"><span style=\"font-size: 21px;\"><strong>INFORMACI\u00d3N DE CONTACTO<\/strong><\/span><\/p>\n<p id=\"u44196-5\" style=\"text-align: center;\"><span style=\"font-size: 18px;\">Si desea m\u00e1s informaci\u00f3n sobre nuestra compa\u00f1\u00eda y nuestros productos por favor env\u00edenos sus datos o comun\u00edquese con nosotros:<\/span><\/p>\n\n\t\t<\/div>\n\t<\/div>\n<\/div><\/div><\/div><\/div><\/div><\/div><\/section><section class=\"vc_row wpb_row vc_row-fluid vc_custom_1540321766760 row-contains-padding-top row-contains-padding-bottom liquid-row-shadowbox-69fe1d2c395cb\"><div class=\"ld-container container\"><div class=\"row ld-row\"><div class=\"wpb_column vc_column_container vc_col-sm-1 liquid-column-69fe1d2c396df\"><div class=\"vc_column-inner\"><div class=\"wpb_wrapper \"   ><div class=\"wpb_wrapper-inner\"><\/div><\/div><\/div><\/div><div class=\"wpb_column vc_column_container vc_col-sm-2 vc_col-md-3 liquid-column-69fe1d2c397ab\"><div class=\"vc_column-inner\"><div class=\"wpb_wrapper \"   ><div class=\"wpb_wrapper-inner\"><div id=\"ld_process_box_69fe1d2c39816\" class=\"ld-pb text-center ld_process_box_69fe1d2c39816\">\n\n\t<div class=\"ld-pb-top \">\n\t\t\n\t\t<figure><img loading=\"lazy\" decoding=\"async\" width=\"181\" height=\"258\" src=\"data:image\/svg+xml;charset=utf-8,&lt;svg xmlns%3D&#039;http%3A%2F%2Fwww.w3.org%2F2000%2Fsvg&#039; viewBox%3D&#039;0 0 181 258&#039;%2F&gt;\" class=\"attachment-full size-full ld-lazyload\" alt=\"\" srcset=\"\" sizes=\"auto, (max-width: 181px) 100vw, 181px\" data-src=\"https:\/\/www.apucafe.com\/wp-content\/uploads\/2020\/11\/fotomiguelperfil2017.jpg\" data-srcset=\"https:\/\/www.apucafe.com\/wp-content\/uploads\/2020\/11\/fotomiguelperfil2017.jpg 181w, https:\/\/www.apucafe.com\/wp-content\/uploads\/2020\/11\/fotomiguelperfil2017-8x12.jpg 8w\" data-aspect=\"0.7015503875969\" \/><\/figure>\t\t\t\t\t\t\n\t<\/div><!-- \/.ld-pb-top -->\n\n\t<div class=\"ld-pb-content\">\n\n\t\t<h3>MIGUEL LLANOS C.E.O.<\/h3>\t\t<p>miguel.llanos@apucafe.com<\/p>\n<p>+57 320 305 8679<\/p>\n\n\t<\/div><!-- \/.ld-pb-content -->\n\n<\/div><!-- \/.ld-pb --><\/div><\/div><\/div><\/div><div class=\"wpb_column vc_column_container vc_col-sm-8 vc_col-md-3 liquid-column-69fe1d2c48c54\"><div class=\"vc_column-inner\"><div class=\"wpb_wrapper \"   ><div class=\"wpb_wrapper-inner\"><div id=\"ld_process_box_69fe1d2c48cd9\" class=\"ld-pb text-center ld_process_box_69fe1d2c48cd9\">\n\n\t<div class=\"ld-pb-top \">\n\t\t\n\t\t<figure><img loading=\"lazy\" decoding=\"async\" width=\"179\" height=\"198\" src=\"data:image\/svg+xml;charset=utf-8,&lt;svg xmlns%3D&#039;http%3A%2F%2Fwww.w3.org%2F2000%2Fsvg&#039; viewBox%3D&#039;0 0 179 198&#039;%2F&gt;\" class=\"attachment-full size-full ld-lazyload\" alt=\"\" srcset=\"\" sizes=\"auto, (max-width: 179px) 100vw, 179px\" data-src=\"https:\/\/www.apucafe.com\/wp-content\/uploads\/2020\/11\/fotovivianaperfil2017.jpg\" data-srcset=\"https:\/\/www.apucafe.com\/wp-content\/uploads\/2020\/11\/fotovivianaperfil2017.jpg 179w, https:\/\/www.apucafe.com\/wp-content\/uploads\/2020\/11\/fotovivianaperfil2017-11x12.jpg 11w\" data-aspect=\"0.9040404040404\" \/><\/figure>\t\t\t\t\t\t\n\t<\/div><!-- \/.ld-pb-top -->\n\n\t<div class=\"ld-pb-content\">\n\n\t\t<h3>VIVIANA TORRES Manager Canada<\/h3>\t\t<p>vivianatorresc@gmail.com<\/p>\n<p>+1 514 655 8201<\/p>\n\n\t<\/div><!-- \/.ld-pb-content -->\n\n<\/div><!-- \/.ld-pb --><\/div><\/div><\/div><\/div><div class=\"wpb_column vc_column_container vc_col-sm-2 vc_col-md-3 liquid-column-69fe1d2c57f6b\"><div class=\"vc_column-inner\"><div class=\"wpb_wrapper \"   ><div class=\"wpb_wrapper-inner\"><div id=\"ld_process_box_69fe1d2c57ffb\" class=\"ld-pb text-center ld_process_box_69fe1d2c57ffb\">\n\n\t<div class=\"ld-pb-top \">\n\t\t\n\t\t<figure><img loading=\"lazy\" decoding=\"async\" width=\"181\" height=\"248\" src=\"data:image\/svg+xml;charset=utf-8,&lt;svg xmlns%3D&#039;http%3A%2F%2Fwww.w3.org%2F2000%2Fsvg&#039; viewBox%3D&#039;0 0 181 248&#039;%2F&gt;\" class=\"attachment-full size-full ld-lazyload\" alt=\"\" srcset=\"\" sizes=\"auto, (max-width: 181px) 100vw, 181px\" data-src=\"https:\/\/www.apucafe.com\/wp-content\/uploads\/2020\/11\/fotocatalina2017perfil.jpg\" data-srcset=\"https:\/\/www.apucafe.com\/wp-content\/uploads\/2020\/11\/fotocatalina2017perfil.jpg 181w, https:\/\/www.apucafe.com\/wp-content\/uploads\/2020\/11\/fotocatalina2017perfil-9x12.jpg 9w\" data-aspect=\"0.72983870967742\" \/><\/figure>\t\t\t\t\t\t\n\t<\/div><!-- \/.ld-pb-top -->\n\n\t<div class=\"ld-pb-content\">\n\n\t\t<h3>CATALINA CASTILLO Manager Colombia<\/h3>\t\t<div id=\"u115980-7\" class=\"bodytext clearfix colelem\" data-muse-uid=\"U115980\" data-muse-type=\"txt_frame\" data-ibe-flags=\"txtStyleSrc\" data-sizepolicy=\"fixed\" data-pintopage=\"page_fixedCenter\">\n<p id=\"u115980-3\">\u00a0catalina.castillo@apucafe.com<\/p>\n<p id=\"u115980-5\">+57 317 854 8974<\/p>\n<\/div>\n\n\t<\/div><!-- \/.ld-pb-content -->\n\n<\/div><!-- \/.ld-pb --><\/div><\/div><\/div><\/div><\/div><\/div><\/section><section data-custom-animations=\"true\" data-ca-options='{\"triggerHandler\":\"inview\",\"animationTarget\":\".wpb_column\",\"duration\":\"1200\",\"delay\":100,\"easing\":\"easeOutQuint\",\"direction\":\"forward\",\"initValues\":{\"translateY\":44,\"opacity\":0},\"animations\":{\"translateY\":0,\"opacity\":1}}' class=\"vc_row wpb_row vc_row-fluid vc_custom_1546254183777 row-contains-padding-top row-contains-padding-bottom liquid-row-shadowbox-69fe1d2c67a16 vc_row-o-equal-height vc_row-flex\"><div class=\"ld-container container\"><div class=\"row ld-row\"><style>@media (min-width: 992px) { .liquid-column-responsive-69fe1d2c67c97 > .vc_column-inner > .wpb_wrapper {margin-bottom:0px !important; padding-left:7% !important;  }  } <\/style><div class=\"wpb_column vc_column_container vc_col-sm-12 vc_col-md-6 liquid-column-69fe1d2c67c91 liquid-column-responsive-69fe1d2c67c97\"><div class=\"vc_column-inner\"><div class=\"wpb_wrapper vc_custom_1545125147802\"   ><div class=\"wpb_wrapper-inner\"><style>.ld_fancy_heading_69fe1d2c67e32 h2{font-weight:300;color:rgb(26, 28, 38);}.ld_fancy_heading_69fe1d2c67e32 .lqd-highlight-inner{height:0.275em;bottom:0px;}<\/style><div class=\"ld-fancy-heading ld_fancy_heading_69fe1d2c67e32\">\n\t<h2 class=\"lqd-highlight-underline lqd-highlight-grow-left h3\" ><span class=\"ld-fh-txt\"> Cont\u00e1cto<\/span><\/h2><\/div><div class=\"vc_separator wpb_content_element vc_separator_align_center vc_sep_width_100 vc_sep_pos_align_center vc_separator_no_text\" ><span class=\"vc_sep_holder vc_sep_holder_l\"><span style=\"border-color:#f7f9fb;\" class=\"vc_sep_line\"><\/span><\/span><span class=\"vc_sep_holder vc_sep_holder_r\"><span style=\"border-color:#f7f9fb;\" class=\"vc_sep_line\"><\/span><\/span>\n<\/div><div class=\"vc_row wpb_row vc_inner vc_row-fluid liquid-row-shadowbox-69fe1d2c68ca0\"><div class=\"wpb_column vc_column_container vc_col-sm-6 liquid-column-69fe1d2c68e7f\"><div class=\"vc_column-inner\"><div class=\"wpb_wrapper \"  ><div class=\"wpb_wrapper-inner\">\n\t<div class=\"wpb_text_column wpb_content_element  vc_custom_1666627804775\" >\n\t\t<div class=\"wpb_wrapper\">\n\t\t\t<p><span style=\"font-size: 16px; color: #4666e3;\">Direcci\u00f3n<\/span><\/p>\n<p><span style=\"font-size: 15px; color: #666666;\">Carrera 28 Sur # 26-41<\/span><br \/>\n<span style=\"font-size: 15px; color: #666666;\">Neiva, Huila.<\/span><\/p>\n\n\t\t<\/div>\n\t<\/div>\n<\/div><\/div><\/div><\/div><div class=\"wpb_column vc_column_container vc_col-sm-6 liquid-column-69fe1d2c690af\"><div class=\"vc_column-inner\"><div class=\"wpb_wrapper \"  ><div class=\"wpb_wrapper-inner\">\n\t<div class=\"wpb_text_column wpb_content_element  vc_custom_1666627882573\" >\n\t\t<div class=\"wpb_wrapper\">\n\t\t\t<p><span style=\"font-size: 16px; color: #4666e3;\">Llamanos<br \/>\n<\/span><\/p>\n<p><span style=\"font-size: 15px; color: #666666;\">+57 317 854 8974<\/span><br \/>\n<span style=\"font-size: 15px; color: #666666;\">catalina.castillo@apucafe.com<\/span><\/p>\n\n\t\t<\/div>\n\t<\/div>\n<\/div><\/div><\/div><\/div><\/div><\/div><\/div><\/div><\/div><div class=\"wpb_column vc_column_container vc_col-sm-12 vc_col-md-offset-1 vc_col-md-5 text-center liquid-column-69fe1d2c69373 vc_col-has-fill\"><div class=\"vc_column-inner\"><div class=\"wpb_wrapper vc_custom_1545128189389\"   ><div class=\"wpb_wrapper-inner\"><style>.ld_fancy_heading_69fe1d2c694ca h2{font-weight:300;color:rgb(26, 28, 38);}.ld_fancy_heading_69fe1d2c694ca h2 {margin-bottom:10px !important;  } .ld_fancy_heading_69fe1d2c694ca .lqd-highlight-inner{height:0.275em;bottom:0px;}.ld_fancy_heading_69fe1d2c694ca h2 {margin-bottom:10px !important;  } <\/style><div class=\"ld-fancy-heading ld_fancy_heading_69fe1d2c694ca\">\n\t<h2 class=\"lqd-highlight-underline lqd-highlight-grow-left h3\" ><span class=\"ld-fh-txt\"> Escr\u00edbenos<\/span><\/h2><\/div><style>.ld_spacer_69fe1d2c6960d{height:10px;}<\/style>\n<div class=\"ld-empty-space ld_spacer_69fe1d2c6960d\"><span class=\"liquid_empty_space_inner\"><\/span><\/div>\n\t<div class=\"wpb_text_column wpb_content_element \" >\n\t\t<div class=\"wpb_wrapper\">\n\t\t\t<p><span style=\"color: #73747f; font-size: 15px; line-height: 26px;\">APU CAF\u00c9 Suprema Fragancia de la Monta\u00f1a.<\/span><\/p>\n\n\t\t<\/div>\n\t<\/div>\n<style>.ld_spacer_69fe1d2c6974e{height:35px;}<\/style>\n<div class=\"ld-empty-space ld_spacer_69fe1d2c6974e\"><span class=\"liquid_empty_space_inner\"><\/span><\/div><style>.ld_cf7_69fe1d2c697d4 input,.ld_cf7_69fe1d2c697d4 textarea,.ld_cf7_69fe1d2c697d4 .ui-selectmenu-button{font-size:14px;font-weight:400;}.ld_cf7_69fe1d2c697d4 input[type=\"submit\"], .ld_cf7_69fe1d2c697d4 button[type=\"submit\"]{font-size:15px;color:rgb(255, 255, 255);}.ld_cf7_69fe1d2c697d4 input:focus, .ld_cf7_69fe1d2c697d4 select:focus, .ld_cf7_69fe1d2c697d4 textarea:focus, .ld_cf7_69fe1d2c697d4 .ui-selectmenu-button:hover{background:rgb(238, 243, 248);color:rgb(94, 96, 98);}.ld_cf7_69fe1d2c697d4 input, .ld_cf7_69fe1d2c697d4 select, .ld_cf7_69fe1d2c697d4 textarea, .ld_cf7_69fe1d2c697d4 .ui-selectmenu-button{color:rgb(111, 114, 116);}.ld_cf7_69fe1d2c697d4 input[type=\"submit\"]:focus,.ld_cf7_69fe1d2c697d4 input[type=\"submit\"]:hover, .ld_cf7_69fe1d2c697d4 button[type=\"submit\"]:focus, .ld_cf7_69fe1d2c697d4 button[type=\"submit\"]:hover{background:rgb(58, 58, 58);}.ld_cf7_69fe1d2c697d4 input[type=\"submit\"]:hover, .ld_cf7_69fe1d2c697d4 button[type=\"submit\"]:hover{border-color:rgb(58, 58, 58);}<\/style><div id=\"ld_cf7_69fe1d2c697d4\" class=\"lqd-contact-form ld_cf7_69fe1d2c697d4 vc_custom_1605546879215\">\n\t\n<div class=\"wpcf7 no-js\" id=\"wpcf7-f6-o1\" lang=\"es-ES\" dir=\"ltr\" data-wpcf7-id=\"6\">\n<div class=\"screen-reader-response\"><p role=\"status\" aria-live=\"polite\" aria-atomic=\"true\"><\/p> <ul><\/ul><\/div>\n<form action=\"\/en\/wp-json\/wp\/v2\/pages\/4226#wpcf7-f6-o1\" method=\"post\" class=\"wpcf7-form init\" aria-label=\"Formulario de contacto\" novalidate=\"novalidate\" data-status=\"init\">\n<fieldset class=\"hidden-fields-container\"><input type=\"hidden\" name=\"_wpcf7\" value=\"6\" \/><input type=\"hidden\" name=\"_wpcf7_version\" value=\"6.1.5\" \/><input type=\"hidden\" name=\"_wpcf7_locale\" value=\"es_ES\" \/><input type=\"hidden\" name=\"_wpcf7_unit_tag\" value=\"wpcf7-f6-o1\" \/><input type=\"hidden\" name=\"_wpcf7_container_post\" value=\"0\" \/><input type=\"hidden\" name=\"_wpcf7_posted_data_hash\" value=\"\" \/><input type=\"hidden\" name=\"_wpcf7_recaptcha_response\" value=\"\" \/>\n<\/fieldset>\n<p><label> Nombre<br \/>\n<span class=\"wpcf7-form-control-wrap\" data-name=\"your-name\"><input size=\"40\" maxlength=\"400\" class=\"wpcf7-form-control wpcf7-text wpcf7-validates-as-required\" aria-required=\"true\" aria-invalid=\"false\" value=\"\" type=\"text\" name=\"your-name\" \/><\/span> <\/label>\n<\/p>\n<p><label> Correo electr\u00f3nico<br \/>\n<span class=\"wpcf7-form-control-wrap\" data-name=\"your-email\"><input size=\"40\" maxlength=\"400\" class=\"wpcf7-form-control wpcf7-email wpcf7-validates-as-required wpcf7-text wpcf7-validates-as-email\" aria-required=\"true\" aria-invalid=\"false\" value=\"\" type=\"email\" name=\"your-email\" \/><\/span> <\/label>\n<\/p>\n<p><label> Tel\u00e9fono\/Celular<br \/>\n<span class=\"wpcf7-form-control-wrap\" data-name=\"your-subject\"><input size=\"40\" maxlength=\"400\" class=\"wpcf7-form-control wpcf7-text wpcf7-validates-as-required\" aria-required=\"true\" aria-invalid=\"false\" value=\"\" type=\"text\" name=\"your-subject\" \/><\/span> <\/label>\n<\/p>\n<p><label> Escriba su mensaje (optional)<br \/>\n<span class=\"wpcf7-form-control-wrap\" data-name=\"your-message\"><textarea cols=\"40\" rows=\"10\" maxlength=\"2000\" class=\"wpcf7-form-control wpcf7-textarea\" aria-invalid=\"false\" name=\"your-message\"><\/textarea><\/span> <\/label>\n<\/p>\n<p><input class=\"wpcf7-form-control wpcf7-submit has-spinner\" type=\"submit\" value=\"Enviar Mensaje\" \/>\n<\/p><div class=\"wpcf7-response-output\" aria-hidden=\"true\"><\/div>\n<\/form>\n<\/div>\n<\/div><\/div><\/div><\/div><\/div><\/div><\/div><\/section>\n<\/section>","protected":false},"excerpt":{"rendered":"INFORMACI\u00d3N DE CONTACTO Si desea m\u00e1s informaci\u00f3n sobre nuestra compa\u00f1\u00eda y nuestros productos por favor...","protected":false},"author":1,"featured_media":0,"parent":0,"menu_order":0,"comment_status":"closed","ping_status":"closed","template":"","meta":{"footnotes":""},"class_list":["post-4226","page","type-page","status-publish","hentry"],"yoast_head":"<!-- This site is optimized with the Yoast SEO plugin v27.5 - https:\/\/yoast.com\/product\/yoast-seo-wordpress\/ -->\n<title>Contacto | Apu Caf\u00e9<\/title>\n<meta name=\"robots\" content=\"index, follow, max-snippet:-1, max-image-preview:large, max-video-preview:-1\" \/>\n<link rel=\"canonical\" href=\"https:\/\/www.apucafe.com\/en\/contacto\/\" \/>\n<meta property=\"og:locale\" content=\"en_US\" \/>\n<meta property=\"og:type\" content=\"article\" \/>\n<meta property=\"og:title\" content=\"Contacto | Apu Caf\u00e9\" \/>\n<meta property=\"og:url\" content=\"https:\/\/www.apucafe.com\/en\/contacto\/\" \/>\n<meta property=\"og:site_name\" content=\"Apu Caf\u00e9\" \/>\n<meta property=\"article:publisher\" content=\"https:\/\/www.facebook.com\/ApuCafe\" \/>\n<meta property=\"article:modified_time\" content=\"2022-11-16T14:43:53+00:00\" \/>\n<meta name=\"twitter:card\" content=\"summary_large_image\" \/>\n<meta name=\"twitter:label1\" content=\"Est. reading time\" \/>\n\t<meta name=\"twitter:data1\" content=\"1 minute\" \/>\n<script type=\"application\/ld+json\" class=\"yoast-schema-graph\">{\"@context\":\"https:\\\/\\\/schema.org\",\"@graph\":[{\"@type\":\"WebPage\",\"@id\":\"https:\\\/\\\/www.apucafe.com\\\/contacto\\\/\",\"url\":\"https:\\\/\\\/www.apucafe.com\\\/contacto\\\/\",\"name\":\"Contacto | Apu Caf\u00e9\",\"isPartOf\":{\"@id\":\"https:\\\/\\\/www.apucafe.com\\\/#website\"},\"datePublished\":\"2018-06-29T07:12:10+00:00\",\"dateModified\":\"2022-11-16T14:43:53+00:00\",\"breadcrumb\":{\"@id\":\"https:\\\/\\\/www.apucafe.com\\\/contacto\\\/#breadcrumb\"},\"inLanguage\":\"en-US\",\"potentialAction\":[{\"@type\":\"ReadAction\",\"target\":[\"https:\\\/\\\/www.apucafe.com\\\/contacto\\\/\"]}]},{\"@type\":\"BreadcrumbList\",\"@id\":\"https:\\\/\\\/www.apucafe.com\\\/contacto\\\/#breadcrumb\",\"itemListElement\":[{\"@type\":\"ListItem\",\"position\":1,\"name\":\"Portada\",\"item\":\"https:\\\/\\\/www.apucafe.com\\\/\"},{\"@type\":\"ListItem\",\"position\":2,\"name\":\"Contacto\"}]},{\"@type\":\"WebSite\",\"@id\":\"https:\\\/\\\/www.apucafe.com\\\/#website\",\"url\":\"https:\\\/\\\/www.apucafe.com\\\/\",\"name\":\"Apu Caf\u00e9\",\"description\":\"Caf\u00e9 Colombiano\",\"publisher\":{\"@id\":\"https:\\\/\\\/www.apucafe.com\\\/#organization\"},\"potentialAction\":[{\"@type\":\"SearchAction\",\"target\":{\"@type\":\"EntryPoint\",\"urlTemplate\":\"https:\\\/\\\/www.apucafe.com\\\/?s={search_term_string}\"},\"query-input\":{\"@type\":\"PropertyValueSpecification\",\"valueRequired\":true,\"valueName\":\"search_term_string\"}}],\"inLanguage\":\"en-US\"},{\"@type\":\"Organization\",\"@id\":\"https:\\\/\\\/www.apucafe.com\\\/#organization\",\"name\":\"APU Caf\u00e9\",\"url\":\"https:\\\/\\\/www.apucafe.com\\\/\",\"logo\":{\"@type\":\"ImageObject\",\"inLanguage\":\"en-US\",\"@id\":\"https:\\\/\\\/www.apucafe.com\\\/#\\\/schema\\\/logo\\\/image\\\/\",\"url\":\"https:\\\/\\\/www.apucafe.com\\\/wp-content\\\/uploads\\\/2020\\\/11\\\/logo.png\",\"contentUrl\":\"https:\\\/\\\/www.apucafe.com\\\/wp-content\\\/uploads\\\/2020\\\/11\\\/logo.png\",\"width\":664,\"height\":670,\"caption\":\"APU Caf\u00e9\"},\"image\":{\"@id\":\"https:\\\/\\\/www.apucafe.com\\\/#\\\/schema\\\/logo\\\/image\\\/\"},\"sameAs\":[\"https:\\\/\\\/www.facebook.com\\\/ApuCafe\",\"https:\\\/\\\/www.instagram.com\\\/apucafe\\\/\"]}]}<\/script>\n<!-- \/ Yoast SEO plugin. -->","yoast_head_json":{"title":"Contacto | Apu Caf\u00e9","robots":{"index":"index","follow":"follow","max-snippet":"max-snippet:-1","max-image-preview":"max-image-preview:large","max-video-preview":"max-video-preview:-1"},"canonical":"https:\/\/www.apucafe.com\/en\/contacto\/","og_locale":"en_US","og_type":"article","og_title":"Contacto | Apu Caf\u00e9","og_url":"https:\/\/www.apucafe.com\/en\/contacto\/","og_site_name":"Apu Caf\u00e9","article_publisher":"https:\/\/www.facebook.com\/ApuCafe","article_modified_time":"2022-11-16T14:43:53+00:00","twitter_card":"summary_large_image","twitter_misc":{"Est. reading time":"1 minute"},"schema":{"@context":"https:\/\/schema.org","@graph":[{"@type":"WebPage","@id":"https:\/\/www.apucafe.com\/contacto\/","url":"https:\/\/www.apucafe.com\/contacto\/","name":"Contacto | Apu Caf\u00e9","isPartOf":{"@id":"https:\/\/www.apucafe.com\/#website"},"datePublished":"2018-06-29T07:12:10+00:00","dateModified":"2022-11-16T14:43:53+00:00","breadcrumb":{"@id":"https:\/\/www.apucafe.com\/contacto\/#breadcrumb"},"inLanguage":"en-US","potentialAction":[{"@type":"ReadAction","target":["https:\/\/www.apucafe.com\/contacto\/"]}]},{"@type":"BreadcrumbList","@id":"https:\/\/www.apucafe.com\/contacto\/#breadcrumb","itemListElement":[{"@type":"ListItem","position":1,"name":"Portada","item":"https:\/\/www.apucafe.com\/"},{"@type":"ListItem","position":2,"name":"Contacto"}]},{"@type":"WebSite","@id":"https:\/\/www.apucafe.com\/#website","url":"https:\/\/www.apucafe.com\/","name":"Apu Caf\u00e9","description":"Caf\u00e9 Colombiano","publisher":{"@id":"https:\/\/www.apucafe.com\/#organization"},"potentialAction":[{"@type":"SearchAction","target":{"@type":"EntryPoint","urlTemplate":"https:\/\/www.apucafe.com\/?s={search_term_string}"},"query-input":{"@type":"PropertyValueSpecification","valueRequired":true,"valueName":"search_term_string"}}],"inLanguage":"en-US"},{"@type":"Organization","@id":"https:\/\/www.apucafe.com\/#organization","name":"APU Coffee","url":"https:\/\/www.apucafe.com\/","logo":{"@type":"ImageObject","inLanguage":"en-US","@id":"https:\/\/www.apucafe.com\/#\/schema\/logo\/image\/","url":"https:\/\/www.apucafe.com\/wp-content\/uploads\/2020\/11\/logo.png","contentUrl":"https:\/\/www.apucafe.com\/wp-content\/uploads\/2020\/11\/logo.png","width":664,"height":670,"caption":"APU Caf\u00e9"},"image":{"@id":"https:\/\/www.apucafe.com\/#\/schema\/logo\/image\/"},"sameAs":["https:\/\/www.facebook.com\/ApuCafe","https:\/\/www.instagram.com\/apucafe\/"]}]}},"_links":{"self":[{"href":"https:\/\/www.apucafe.com\/en\/wp-json\/wp\/v2\/pages\/4226","targetHints":{"allow":["GET"]}}],"collection":[{"href":"https:\/\/www.apucafe.com\/en\/wp-json\/wp\/v2\/pages"}],"about":[{"href":"https:\/\/www.apucafe.com\/en\/wp-json\/wp\/v2\/types\/page"}],"author":[{"embeddable":true,"href":"https:\/\/www.apucafe.com\/en\/wp-json\/wp\/v2\/users\/1"}],"replies":[{"embeddable":true,"href":"https:\/\/www.apucafe.com\/en\/wp-json\/wp\/v2\/comments?post=4226"}],"version-history":[{"count":22,"href":"https:\/\/www.apucafe.com\/en\/wp-json\/wp\/v2\/pages\/4226\/revisions"}],"predecessor-version":[{"id":5931,"href":"https:\/\/www.apucafe.com\/en\/wp-json\/wp\/v2\/pages\/4226\/revisions\/5931"}],"wp:attachment":[{"href":"https:\/\/www.apucafe.com\/en\/wp-json\/wp\/v2\/media?parent=4226"}],"curies":[{"name":"wp","href":"https:\/\/api.w.org\/{rel}","templated":true}]}}