{"id":2,"date":"2020-11-14T15:22:15","date_gmt":"2020-11-14T15:22:15","guid":{"rendered":"https:\/\/www.apucafe.com\/?page_id=2"},"modified":"2022-11-16T09:47:27","modified_gmt":"2022-11-16T14:47:27","slug":"nosotros","status":"publish","type":"page","link":"https:\/\/www.apucafe.com\/en\/nosotros\/","title":{"rendered":"About US"},"content":{"rendered":"<section class=\"wpb-content-wrapper\"><p><style>@media (min-width: 992px) { .liquid-row-responsive-69e8e4a4cd6d5 {padding-top:150px !important; padding-bottom:75px !important;  }  }   <\/style><section style=\"background-position:center center !important;\" data-bg-image=\"url\" class=\"vc_row wpb_row vc_row-fluid vc_custom_1539610753932 row-contains-padding-top row-contains-padding-bottom liquid-row-responsive-69e8e4a4cd6d5 liquid-row-shadowbox-69e8e4a4cd6fa vc_row-has-fill vc_row-has-bg\"><div class=\"ld-container container\"><div class=\"row ld-row\"><div class=\"wpb_column vc_column_container vc_col-sm-4 vc_col-lg-5 vc_col-md-6 liquid-column-69e8e4a4cd9d4 vc_col-has-fill\" data-parallax=\"true\" data-parallax-from='{\"translateY\":-65}' data-parallax-to='{\"translateY\":65}' data-parallax-options='{\"easing\":\"linear\",\"reverse\":true,\"triggerHook\":\"onEnter\"}'><div class=\"vc_column-inner\"><div class=\"wpb_wrapper\"   ><div class=\"wpb_wrapper-inner\"><style>.ld_fancy_heading_69e8e4a4cdb34 .lqd-highlight-inner{height:0.275em;bottom:0px;}<\/style><div class=\"ld-fancy-heading text-uppercase ld_fancy_heading_69e8e4a4cdb34\">\n\t<h3 class=\"lqd-highlight-underline lqd-highlight-grow-left\" ><span class=\"ld-fh-txt\"> History<\/span><\/h3><\/div><div class=\"vc_row wpb_row vc_inner vc_row-fluid liquid-row-shadowbox-69e8e4a4cdf7e\"><div class=\"wpb_column vc_column_container vc_col-sm-12 vc_col-md-3 liquid-column-69e8e4a4ce1b0\"><div class=\"vc_column-inner\"><div class=\"wpb_wrapper\"  data-custom-animations=\"true\" data-ca-options='{\"triggerHandler\":\"inview\",\"animationTarget\":\"all-childs\",\"duration\":\"1200\",\"startDelay\":\"250\",\"delay\":100,\"easing\":\"easeOutQuint\",\"direction\":\"forward\",\"initValues\":{\"translateX\":-30,\"scaleX\":0},\"animations\":{\"translateX\":0,\"scaleX\":1}}'><div class=\"wpb_wrapper-inner\"><style>.ld_spacer_69e8e4a4ce251{height:10px;}<\/style>\n<div class=\"ld-empty-space ld_spacer_69e8e4a4ce251\"><span class=\"liquid_empty_space_inner\"><\/span><\/div><div class=\"vc_separator wpb_content_element vc_separator_align_center vc_sep_width_100 vc_sep_pos_align_center vc_separator_no_text\" ><span class=\"vc_sep_holder vc_sep_holder_l\"><span style=\"border-color:#f5634b;\" class=\"vc_sep_line\"><\/span><\/span><span class=\"vc_sep_holder vc_sep_holder_r\"><span style=\"border-color:#f5634b;\" class=\"vc_sep_line\"><\/span><\/span>\n<\/div><\/div><\/div><\/div><\/div><div class=\"wpb_column vc_column_container vc_col-sm-12 vc_col-md-9 liquid-column-69e8e4a4cee8c\"><div class=\"vc_column-inner\"><div class=\"wpb_wrapper\"  data-custom-animations=\"true\" data-ca-options='{\"triggerHandler\":\"inview\",\"animationTarget\":\"all-childs\",\"duration\":\"1200\",\"startDelay\":\"450\",\"delay\":\"120\",\"easing\":\"easeOutQuint\",\"direction\":\"forward\",\"initValues\":{\"translateY\":45,\"opacity\":0},\"animations\":{\"translateY\":0,\"opacity\":1}}'><div class=\"wpb_wrapper-inner\"><style>.ld_fancy_heading_69e8e4a4cefd8 p{font-size:20px;}.ld_fancy_heading_69e8e4a4cefd8 .lqd-highlight-inner{height:0.275em;bottom:0px;}<\/style><div class=\"ld-fancy-heading ld_fancy_heading_69e8e4a4cefd8\">\n\t<p class=\"lqd-highlight-underline lqd-highlight-grow-left\" data-split-text=\"true\" data-custom-animations=\"true\" data-ca-options='{\"triggerHandler\":\"inview\",\"animationTarget\":\".lqd-lines .split-inner\",\"duration\":700,\"delay\":100,\"easing\":\"easeOutQuint\",\"direction\":\"forward\",\"initValues\":{\"scale\":1},\"animations\":{\"scale\":1}}' data-split-options='{\"type\":\"lines\"}'><span class=\"ld-fh-txt\"> <\/p>\n<p id=\"u42774-7\"><span id=\"u42774-4\">APU <\/span><span id=\"u42774-5\"> <\/span><span id=\"u42774-6\">It was founded in 2012 by Catalina Castillo and Miguel Llanos who began to give added value to the cultivation of coffee, following the legacy of the Llanos family that has cultivated coffee for three generations in the department of Huila. With a vision of local and international commerce, the line of specialty coffees being the main activity.<\/span><\/p>\n<p><\/span><\/p><\/div><style>.ld_spacer_69e8e4a4cf1a4{height:25px;}<\/style>\n<div class=\"ld-empty-space ld_spacer_69e8e4a4cf1a4\"><span class=\"liquid_empty_space_inner\"><\/span><\/div><\/div><\/div><\/div><\/div><\/div><\/div><\/div><\/div><\/div><div class=\"wpb_column vc_column_container vc_col-sm-4 vc_col-lg-offset-2 vc_col-lg-5 vc_col-md-offset-1 vc_col-md-5 liquid-column-69e8e4a4cf3de\"><div class=\"vc_column-inner\"><div class=\"wpb_wrapper\"   ><div class=\"wpb_wrapper-inner\"><div id=\"ld_images_group_container_69e8e4a4cf510\" class=\"liquid-img-group-container ld_images_group_container_69e8e4a4cf510\"  >\n\t<div class=\"liquid-img-group-inner\">\n\t\t<div id=\"ld_images_group_element_69e8e4a4cf712\" class=\"liquid-img-group-single ld_images_group_element_69e8e4a4cf712\" data-reveal=\"true\" data-reveal-options='{\"direction\":\"tb\",\"bgcolor\":\"\",\"delay\":\"\"}'>\n\t\n\t\t\n\t<div class=\"liquid-img-group-img-container\">\n\t\t\n\t\t\n\t\t\t\t\n\t\t\t\t<div class=\"liquid-img-container-inner\" data-parallax=\"true\" data-parallax-from='{\"translateY\":66}' data-parallax-to='{\"translateY\":-65}' data-parallax-options='{\"overflowHidden\":false,\"easing\":\"linear\"}'>\n\t\t\t<figure ><img loading=\"lazy\" decoding=\"async\" width=\"2560\" height=\"1707\" src=\"data:image\/svg+xml;charset=utf-8,&lt;svg xmlns%3D&#039;http%3A%2F%2Fwww.w3.org%2F2000%2Fsvg&#039; viewBox%3D&#039;0 0 2560 1707&#039;%2F&gt;\" class=\"attachment-full size-full ld-lazyload\" alt=\"\" srcset=\"\" sizes=\"auto, (max-width: 2560px) 100vw, 2560px\" data-src=\"https:\/\/www.apucafe.com\/wp-content\/uploads\/2018\/08\/IMG_3790-min-scaled.jpg\" data-srcset=\"https:\/\/www.apucafe.com\/wp-content\/uploads\/2018\/08\/IMG_3790-min-scaled.jpg 2560w, https:\/\/www.apucafe.com\/wp-content\/uploads\/2018\/08\/IMG_3790-min-300x200.jpg 300w, https:\/\/www.apucafe.com\/wp-content\/uploads\/2018\/08\/IMG_3790-min-1024x683.jpg 1024w, https:\/\/www.apucafe.com\/wp-content\/uploads\/2018\/08\/IMG_3790-min-scaled-16x12.jpg 16w\" data-aspect=\"1.4997070884593\" \/><\/figure>\t\t\t\t\t<\/div><!-- \/.liquid-img-container-inner -->\n\t\t\n\t<\/div><!-- \/.liquid-img-group-content -->\n<\/div><!-- \/.liquid-img-group-single -->\n\t\n\t<\/div><!-- \/.liquid-img-group-inner -->\n<\/div><!-- \/.liquid-img-group-container --><\/div><\/div><\/div><\/div><div class=\"wpb_column vc_column_container vc_col-sm-12 liquid-column-69e8e4a4e0e67\"><div class=\"vc_column-inner\"><div class=\"wpb_wrapper\"   ><div class=\"wpb_wrapper-inner\"><div class=\"vc_row wpb_row vc_inner vc_row-fluid liquid-row-shadowbox-69e8e4a4e0ffb\"><div class=\"wpb_column vc_column_container vc_col-sm-12 liquid-column-69e8e4a4e11b1\"><div class=\"vc_column-inner\"><div class=\"wpb_wrapper\"  ><div class=\"wpb_wrapper-inner\"><style>.ld_fancy_heading_69e8e4a4e1324 p{font-size:20px;}.ld_fancy_heading_69e8e4a4e1324 .lqd-highlight-inner{height:0.275em;bottom:0px;}<\/style><div class=\"ld-fancy-heading ld_fancy_heading_69e8e4a4e1324\">\n\t<p class=\"lqd-highlight-underline lqd-highlight-grow-left\" data-split-text=\"true\" data-custom-animations=\"true\" data-ca-options='{\"triggerHandler\":\"inview\",\"animationTarget\":\".lqd-lines .split-inner\",\"duration\":700,\"delay\":100,\"easing\":\"easeOutQuint\",\"direction\":\"forward\",\"initValues\":{\"scale\":1},\"animations\":{\"scale\":1}}' data-split-options='{\"type\":\"lines\"}'><span class=\"ld-fh-txt\"> <strong>Experience<\/strong><br \/>\nAPU SAS directly exports roasted and ground specialty coffee beans to European countries. Adaptability of the product to the taste and requirement of the client, positioning of the APU brand in the Huila regional level and the main market specialized in imported, organic coffees in Bogot\u00e1 and other cities in Colombia. Ability to deliver coffee throughout the country. Certified roasting plant and laboratory, own coffee crops-micro lots. Database registration in the national federation of coffee growers of Colombia FNC.<\/span><\/p><\/div><style>.ld_spacer_69e8e4a4e14c3{height:40px;}<\/style>\n<div class=\"ld-empty-space ld_spacer_69e8e4a4e14c3\"><span class=\"liquid_empty_space_inner\"><\/span><\/div><style>.ld_fancy_heading_69e8e4a4e15e7 p{font-size:20px;}.ld_fancy_heading_69e8e4a4e15e7 .lqd-highlight-inner{height:0.275em;bottom:0px;}<\/style><div class=\"ld-fancy-heading ld_fancy_heading_69e8e4a4e15e7\">\n\t<p class=\"lqd-highlight-underline lqd-highlight-grow-left\" data-split-text=\"true\" data-custom-animations=\"true\" data-ca-options='{\"triggerHandler\":\"inview\",\"animationTarget\":\".lqd-lines .split-inner\",\"duration\":700,\"delay\":100,\"easing\":\"easeOutQuint\",\"direction\":\"forward\",\"initValues\":{\"scale\":1},\"animations\":{\"scale\":1}}' data-split-options='{\"type\":\"lines\"}'><span class=\"ld-fh-txt\"> <strong>Mission<\/strong><br \/>\nComercializamos diferentes varietales e innovamos en varios procesos de producci\u00f3n de caf\u00e9 especial, creando una cultura de consumo para los amigos y amantes de tomar un buen caf\u00e9.<\/p>\n<p><strong>View<\/strong><br \/>\nTener presencia de marca y producto siendo l\u00edderes en el tema de caf\u00e9 especial a nivel local, regional, nacional e internacional, por medio del comercio de caf\u00e9 especial e historias de otros caficultores que hacen parte de todo el ecosistema.<\/p>\n<p><strong>Valores Corporativos<\/strong><br \/>\n\u2022 Alegr\u00eda \u2022 Compromiso \u2022 Disciplina \u2022 Familia \u2022 Gratitud \u2022 Humildad \u2022 Reconocimiento \u2022 Respeto \u2022 Responsabilidad \u2022 Trabajo en equipo<\/p>\n<p><strong>Prop\u00f3sito de Marca<\/strong><br \/>\n\u2022 Fortalecer el sentido de liderazgo, creaci\u00f3n, proactividad, respeto, continuidad, pertenencia e identidad con el portafolio de productos y la empresa<\/span><\/p><\/div><\/div><\/div><\/div><\/div><\/div><\/div><\/div><\/div><\/div><\/div><\/div><\/section><section class=\"vc_row wpb_row vc_row-fluid liquid-row-shadowbox-69e8e4a4e1afe\"><div class=\"ld-container container\"><div class=\"row ld-row\"><div class=\"wpb_column vc_column_container vc_col-sm-2 liquid-column-69e8e4a4e1cb4\"><div class=\"vc_column-inner\"><div class=\"wpb_wrapper\"   ><div class=\"wpb_wrapper-inner\"><\/div><\/div><\/div><\/div><div class=\"wpb_column vc_column_container vc_col-sm-8 liquid-column-69e8e4a4e1e5b\"><div class=\"vc_column-inner\"><div class=\"wpb_wrapper\"   ><div class=\"wpb_wrapper-inner\"><div id=\"ld_images_group_container_69e8e4a4e1f71\" class=\"liquid-img-group-container ld_images_group_container_69e8e4a4e1f71\"  >\n\t<div class=\"liquid-img-group-inner\">\n\t\t<div id=\"ld_images_group_element_69e8e4a4e2109\" class=\"liquid-img-group-single ld_images_group_element_69e8e4a4e2109\" data-reveal=\"true\" data-reveal-options='{\"direction\":\"tb\",\"bgcolor\":\"\",\"delay\":\"\"}'>\n\t\n\t\t\n\t<div class=\"liquid-img-group-img-container\">\n\t\t\n\t\t\n\t\t\t\t\n\t\t\t\t<div class=\"liquid-img-container-inner\" data-parallax=\"true\" data-parallax-from='{\"translateY\":66}' data-parallax-to='{\"translateY\":-65}' data-parallax-options='{\"overflowHidden\":false,\"easing\":\"linear\"}'>\n\t\t\t<figure ><img loading=\"lazy\" decoding=\"async\" width=\"936\" height=\"744\" src=\"data:image\/svg+xml;charset=utf-8,&lt;svg xmlns%3D&#039;http%3A%2F%2Fwww.w3.org%2F2000%2Fsvg&#039; viewBox%3D&#039;0 0 936 744&#039;%2F&gt;\" class=\"attachment-full size-full ld-lazyload\" alt=\"\" srcset=\"\" sizes=\"auto, (max-width: 936px) 100vw, 936px\" data-src=\"https:\/\/www.apucafe.com\/wp-content\/uploads\/2020\/11\/infografia-apu.jpg\" data-srcset=\"https:\/\/www.apucafe.com\/wp-content\/uploads\/2020\/11\/infografia-apu.jpg 936w, https:\/\/www.apucafe.com\/wp-content\/uploads\/2020\/11\/infografia-apu-300x238.jpg 300w, https:\/\/www.apucafe.com\/wp-content\/uploads\/2020\/11\/infografia-apu-16x12.jpg 16w\" data-aspect=\"1.258064516129\" \/><\/figure>\t\t\t\t\t<\/div><!-- \/.liquid-img-container-inner -->\n\t\t\n\t<\/div><!-- \/.liquid-img-group-content -->\n<\/div><!-- \/.liquid-img-group-single -->\n\t\n\t<\/div><!-- \/.liquid-img-group-inner -->\n<\/div><!-- \/.liquid-img-group-container --><\/div><\/div><\/div><\/div><\/div><\/div><\/section>\n<\/section>","protected":false},"excerpt":{"rendered":"Historia APU Nace en el a\u00f1o 2012 fundada por Catalina Castillo y Miguel Llanos quienes...","protected":false},"author":1,"featured_media":0,"parent":0,"menu_order":0,"comment_status":"closed","ping_status":"closed","template":"","meta":{"footnotes":""},"class_list":["post-2","page","type-page","status-publish","hentry"],"yoast_head":"<!-- This site is optimized with the Yoast SEO plugin v27.4 - https:\/\/yoast.com\/product\/yoast-seo-wordpress\/ -->\n<title>Nosotros | Apu Caf\u00e9<\/title>\n<meta name=\"robots\" content=\"index, follow, max-snippet:-1, max-image-preview:large, max-video-preview:-1\" \/>\n<link rel=\"canonical\" href=\"https:\/\/www.apucafe.com\/en\/nosotros\/\" \/>\n<meta property=\"og:locale\" content=\"en_US\" \/>\n<meta property=\"og:type\" content=\"article\" \/>\n<meta property=\"og:title\" content=\"Nosotros | Apu Caf\u00e9\" \/>\n<meta property=\"og:url\" content=\"https:\/\/www.apucafe.com\/en\/nosotros\/\" \/>\n<meta property=\"og:site_name\" content=\"Apu Caf\u00e9\" \/>\n<meta property=\"article:publisher\" content=\"https:\/\/www.facebook.com\/ApuCafe\" \/>\n<meta property=\"article:modified_time\" content=\"2022-11-16T14:47:27+00:00\" \/>\n<meta name=\"twitter:card\" content=\"summary_large_image\" \/>\n<meta name=\"twitter:label1\" content=\"Est. reading time\" \/>\n\t<meta name=\"twitter:data1\" content=\"2 minutes\" \/>\n<script type=\"application\/ld+json\" class=\"yoast-schema-graph\">{\"@context\":\"https:\\\/\\\/schema.org\",\"@graph\":[{\"@type\":\"WebPage\",\"@id\":\"https:\\\/\\\/www.apucafe.com\\\/nosotros\\\/\",\"url\":\"https:\\\/\\\/www.apucafe.com\\\/nosotros\\\/\",\"name\":\"Nosotros | Apu Caf\u00e9\",\"isPartOf\":{\"@id\":\"https:\\\/\\\/www.apucafe.com\\\/#website\"},\"datePublished\":\"2020-11-14T15:22:15+00:00\",\"dateModified\":\"2022-11-16T14:47:27+00:00\",\"breadcrumb\":{\"@id\":\"https:\\\/\\\/www.apucafe.com\\\/nosotros\\\/#breadcrumb\"},\"inLanguage\":\"en-US\",\"potentialAction\":[{\"@type\":\"ReadAction\",\"target\":[\"https:\\\/\\\/www.apucafe.com\\\/nosotros\\\/\"]}]},{\"@type\":\"BreadcrumbList\",\"@id\":\"https:\\\/\\\/www.apucafe.com\\\/nosotros\\\/#breadcrumb\",\"itemListElement\":[{\"@type\":\"ListItem\",\"position\":1,\"name\":\"Portada\",\"item\":\"https:\\\/\\\/www.apucafe.com\\\/\"},{\"@type\":\"ListItem\",\"position\":2,\"name\":\"Nosotros\"}]},{\"@type\":\"WebSite\",\"@id\":\"https:\\\/\\\/www.apucafe.com\\\/#website\",\"url\":\"https:\\\/\\\/www.apucafe.com\\\/\",\"name\":\"Apu Caf\u00e9\",\"description\":\"Caf\u00e9 Colombiano\",\"publisher\":{\"@id\":\"https:\\\/\\\/www.apucafe.com\\\/#organization\"},\"potentialAction\":[{\"@type\":\"SearchAction\",\"target\":{\"@type\":\"EntryPoint\",\"urlTemplate\":\"https:\\\/\\\/www.apucafe.com\\\/?s={search_term_string}\"},\"query-input\":{\"@type\":\"PropertyValueSpecification\",\"valueRequired\":true,\"valueName\":\"search_term_string\"}}],\"inLanguage\":\"en-US\"},{\"@type\":\"Organization\",\"@id\":\"https:\\\/\\\/www.apucafe.com\\\/#organization\",\"name\":\"APU Caf\u00e9\",\"url\":\"https:\\\/\\\/www.apucafe.com\\\/\",\"logo\":{\"@type\":\"ImageObject\",\"inLanguage\":\"en-US\",\"@id\":\"https:\\\/\\\/www.apucafe.com\\\/#\\\/schema\\\/logo\\\/image\\\/\",\"url\":\"https:\\\/\\\/www.apucafe.com\\\/wp-content\\\/uploads\\\/2020\\\/11\\\/logo.png\",\"contentUrl\":\"https:\\\/\\\/www.apucafe.com\\\/wp-content\\\/uploads\\\/2020\\\/11\\\/logo.png\",\"width\":664,\"height\":670,\"caption\":\"APU Caf\u00e9\"},\"image\":{\"@id\":\"https:\\\/\\\/www.apucafe.com\\\/#\\\/schema\\\/logo\\\/image\\\/\"},\"sameAs\":[\"https:\\\/\\\/www.facebook.com\\\/ApuCafe\",\"https:\\\/\\\/www.instagram.com\\\/apucafe\\\/\"]}]}<\/script>\n<!-- \/ Yoast SEO plugin. -->","yoast_head_json":{"title":"Nosotros | Apu Caf\u00e9","robots":{"index":"index","follow":"follow","max-snippet":"max-snippet:-1","max-image-preview":"max-image-preview:large","max-video-preview":"max-video-preview:-1"},"canonical":"https:\/\/www.apucafe.com\/en\/nosotros\/","og_locale":"en_US","og_type":"article","og_title":"Nosotros | Apu Caf\u00e9","og_url":"https:\/\/www.apucafe.com\/en\/nosotros\/","og_site_name":"Apu Caf\u00e9","article_publisher":"https:\/\/www.facebook.com\/ApuCafe","article_modified_time":"2022-11-16T14:47:27+00:00","twitter_card":"summary_large_image","twitter_misc":{"Est. reading time":"2 minutes"},"schema":{"@context":"https:\/\/schema.org","@graph":[{"@type":"WebPage","@id":"https:\/\/www.apucafe.com\/nosotros\/","url":"https:\/\/www.apucafe.com\/nosotros\/","name":"Nosotros | Apu Caf\u00e9","isPartOf":{"@id":"https:\/\/www.apucafe.com\/#website"},"datePublished":"2020-11-14T15:22:15+00:00","dateModified":"2022-11-16T14:47:27+00:00","breadcrumb":{"@id":"https:\/\/www.apucafe.com\/nosotros\/#breadcrumb"},"inLanguage":"en-US","potentialAction":[{"@type":"ReadAction","target":["https:\/\/www.apucafe.com\/nosotros\/"]}]},{"@type":"BreadcrumbList","@id":"https:\/\/www.apucafe.com\/nosotros\/#breadcrumb","itemListElement":[{"@type":"ListItem","position":1,"name":"Portada","item":"https:\/\/www.apucafe.com\/"},{"@type":"ListItem","position":2,"name":"Nosotros"}]},{"@type":"WebSite","@id":"https:\/\/www.apucafe.com\/#website","url":"https:\/\/www.apucafe.com\/","name":"Apu Caf\u00e9","description":"Caf\u00e9 Colombiano","publisher":{"@id":"https:\/\/www.apucafe.com\/#organization"},"potentialAction":[{"@type":"SearchAction","target":{"@type":"EntryPoint","urlTemplate":"https:\/\/www.apucafe.com\/?s={search_term_string}"},"query-input":{"@type":"PropertyValueSpecification","valueRequired":true,"valueName":"search_term_string"}}],"inLanguage":"en-US"},{"@type":"Organization","@id":"https:\/\/www.apucafe.com\/#organization","name":"APU Coffee","url":"https:\/\/www.apucafe.com\/","logo":{"@type":"ImageObject","inLanguage":"en-US","@id":"https:\/\/www.apucafe.com\/#\/schema\/logo\/image\/","url":"https:\/\/www.apucafe.com\/wp-content\/uploads\/2020\/11\/logo.png","contentUrl":"https:\/\/www.apucafe.com\/wp-content\/uploads\/2020\/11\/logo.png","width":664,"height":670,"caption":"APU Caf\u00e9"},"image":{"@id":"https:\/\/www.apucafe.com\/#\/schema\/logo\/image\/"},"sameAs":["https:\/\/www.facebook.com\/ApuCafe","https:\/\/www.instagram.com\/apucafe\/"]}]}},"_links":{"self":[{"href":"https:\/\/www.apucafe.com\/en\/wp-json\/wp\/v2\/pages\/2","targetHints":{"allow":["GET"]}}],"collection":[{"href":"https:\/\/www.apucafe.com\/en\/wp-json\/wp\/v2\/pages"}],"about":[{"href":"https:\/\/www.apucafe.com\/en\/wp-json\/wp\/v2\/types\/page"}],"author":[{"embeddable":true,"href":"https:\/\/www.apucafe.com\/en\/wp-json\/wp\/v2\/users\/1"}],"replies":[{"embeddable":true,"href":"https:\/\/www.apucafe.com\/en\/wp-json\/wp\/v2\/comments?post=2"}],"version-history":[{"count":28,"href":"https:\/\/www.apucafe.com\/en\/wp-json\/wp\/v2\/pages\/2\/revisions"}],"predecessor-version":[{"id":5933,"href":"https:\/\/www.apucafe.com\/en\/wp-json\/wp\/v2\/pages\/2\/revisions\/5933"}],"wp:attachment":[{"href":"https:\/\/www.apucafe.com\/en\/wp-json\/wp\/v2\/media?parent=2"}],"curies":[{"name":"wp","href":"https:\/\/api.w.org\/{rel}","templated":true}]}}